{"id":36,"date":"2018-10-12T13:42:43","date_gmt":"2018-10-12T13:42:43","guid":{"rendered":"http:\/\/partyservice.pl\/?page_id=36"},"modified":"2023-02-23T19:12:06","modified_gmt":"2023-02-23T18:12:06","slug":"o-nas","status":"publish","type":"page","link":"http:\/\/partyservice.pl\/?page_id=36","title":{"rendered":"O NAS"},"content":{"rendered":"\n<p>Marcin Suder DJ YANOS <\/p>\n\n\n\n<p> Od ponad 20 lat&nbsp; w zawodzie. Prowadzi eventy w r\u00f3\u017cnych gatunkach muzycznych- bardzo dobrze czuje si\u0119 w ka\u017cdym z nich. Ponadto posiada umiej\u0119tno\u015bci konferansjerskie, kt\u00f3re pomagaj\u0105&nbsp; mu rozbawi\u0107 go\u015bci i dopasowywa\u0107 repertuar imprezy na podstawie obserwacji bawi\u0105cych si\u0119 Go\u015bci. Na pewno ka\u017cdy odnajdzie w jego repertuarze swoja ulubion\u0105 piosenk\u0119!<\/p>\n\n\n\n<figure class=\"is-layout-flex wp-block-gallery-1 wp-block-gallery has-nested-images columns-default is-cropped\">\n<figure class=\"wp-block-image size-large\"><img decoding=\"async\" loading=\"lazy\" width=\"1024\" height=\"768\" data-id=\"68\"  src=\"http:\/\/partyservice.pl\/wp-content\/uploads\/2023\/02\/IMG_6990-1-1024x768.jpg\" alt=\"\" class=\"wp-image-68\" srcset=\"http:\/\/partyservice.pl\/wp-content\/uploads\/2023\/02\/IMG_6990-1-1024x768.jpg 1024w, http:\/\/partyservice.pl\/wp-content\/uploads\/2023\/02\/IMG_6990-1-300x225.jpg 300w, http:\/\/partyservice.pl\/wp-content\/uploads\/2023\/02\/IMG_6990-1-768x576.jpg 768w, http:\/\/partyservice.pl\/wp-content\/uploads\/2023\/02\/IMG_6990-1-1536x1152.jpg 1536w, http:\/\/partyservice.pl\/wp-content\/uploads\/2023\/02\/IMG_6990-1-2048x1536.jpg 2048w\" sizes=\"(max-width: 706px) 89vw, (max-width: 767px) 82vw, 740px\" \/><\/figure>\n<\/figure>\n\n\n\n<p>Oskar Fenert  DJ OZZY F<\/p>\n\n\n\n<p> VDJ graj\u0105cy w najlepszych ma\u0142opolskich oraz \u015bl\u0105skich klubach muzycznych. \u0141\u0105czy teledyski z muzyk\u0105 tworz\u0105c niepowtarzalny klimat ka\u017cdego wydarzenia muzycznego. <\/p>\n\n\n\n<figure class=\"wp-block-image size-full\"><img decoding=\"async\" loading=\"lazy\" width=\"504\" height=\"504\" src=\"http:\/\/partyservice.pl\/wp-content\/uploads\/2023\/02\/dj-ozzy-f-1.jpg\" alt=\"\" class=\"wp-image-74\" srcset=\"http:\/\/partyservice.pl\/wp-content\/uploads\/2023\/02\/dj-ozzy-f-1.jpg 504w, http:\/\/partyservice.pl\/wp-content\/uploads\/2023\/02\/dj-ozzy-f-1-300x300.jpg 300w, http:\/\/partyservice.pl\/wp-content\/uploads\/2023\/02\/dj-ozzy-f-1-150x150.jpg 150w, http:\/\/partyservice.pl\/wp-content\/uploads\/2023\/02\/dj-ozzy-f-1-100x100.jpg 100w\" sizes=\"(max-width: 504px) 100vw, 504px\" \/><\/figure>\n\n\n\n<p>Piotr Pa\u0144szczyk DJ NOSA<\/p>\n\n\n\n<p>Prowadzi najbardziej rozta\u0144czone imprezy w Polsce.&nbsp; Zawsze perfekcyjnie przygotowany pod wzgl\u0119dem zar\u00f3wno repertuaru jak i sprz\u0119tu&nbsp; na najwy\u017cszym poziomie. Bezproblemowo nawi\u0105zuje kontakt z Publiczno\u015bci\u0105, kt\u00f3ra z wielkim entuzjazmem przyjmuje Jego energi\u0119 i osobowo\u015b\u0107 sceniczn\u0105!<\/p>\n\n\n\n<figure class=\"is-layout-flex wp-block-gallery-3 wp-block-gallery has-nested-images columns-default is-cropped\">\n<figure class=\"wp-block-image size-large\"><img decoding=\"async\" loading=\"lazy\" width=\"591\" height=\"443\" data-id=\"84\"  src=\"http:\/\/partyservice.pl\/wp-content\/uploads\/2023\/02\/dj-nosa.jpg\" alt=\"\" class=\"wp-image-84\" srcset=\"http:\/\/partyservice.pl\/wp-content\/uploads\/2023\/02\/dj-nosa.jpg 591w, http:\/\/partyservice.pl\/wp-content\/uploads\/2023\/02\/dj-nosa-300x225.jpg 300w\" sizes=\"(max-width: 591px) 100vw, 591px\" \/><\/figure>\n<\/figure>\n\n\n\n<figure class=\"is-layout-flex wp-block-gallery-5 wp-block-gallery has-nested-images columns-default is-cropped\"><\/figure>\n","protected":false},"excerpt":{"rendered":"<p>Marcin Suder DJ YANOS Od ponad 20 lat&nbsp; w zawodzie. Prowadzi eventy w r\u00f3\u017cnych gatunkach muzycznych- bardzo dobrze czuje si\u0119 w ka\u017cdym z nich. Ponadto posiada umiej\u0119tno\u015bci konferansjerskie, kt\u00f3re pomagaj\u0105&nbsp; mu rozbawi\u0107 go\u015bci i dopasowywa\u0107 repertuar imprezy na podstawie obserwacji bawi\u0105cych si\u0119 Go\u015bci. Na pewno ka\u017cdy odnajdzie w jego repertuarze swoja ulubion\u0105 piosenk\u0119! Oskar Fenert &hellip; <\/p>\n<p class=\"link-more\"><a href=\"http:\/\/partyservice.pl\/?page_id=36\" class=\"more-link\">Czytaj dalej<span class=\"screen-reader-text\"> \u201eO NAS\u201d<\/span><\/a><\/p>\n","protected":false},"author":1,"featured_media":0,"parent":0,"menu_order":0,"comment_status":"closed","ping_status":"closed","template":"","meta":[],"_links":{"self":[{"href":"http:\/\/partyservice.pl\/index.php?rest_route=\/wp\/v2\/pages\/36"}],"collection":[{"href":"http:\/\/partyservice.pl\/index.php?rest_route=\/wp\/v2\/pages"}],"about":[{"href":"http:\/\/partyservice.pl\/index.php?rest_route=\/wp\/v2\/types\/page"}],"author":[{"embeddable":true,"href":"http:\/\/partyservice.pl\/index.php?rest_route=\/wp\/v2\/users\/1"}],"replies":[{"embeddable":true,"href":"http:\/\/partyservice.pl\/index.php?rest_route=%2Fwp%2Fv2%2Fcomments&post=36"}],"version-history":[{"count":9,"href":"http:\/\/partyservice.pl\/index.php?rest_route=\/wp\/v2\/pages\/36\/revisions"}],"predecessor-version":[{"id":85,"href":"http:\/\/partyservice.pl\/index.php?rest_route=\/wp\/v2\/pages\/36\/revisions\/85"}],"wp:attachment":[{"href":"http:\/\/partyservice.pl\/index.php?rest_route=%2Fwp%2Fv2%2Fmedia&parent=36"}],"curies":[{"name":"wp","href":"https:\/\/api.w.org\/{rel}","templated":true}]}}